{"id":17138,"date":"2025-12-11T11:44:47","date_gmt":"2025-12-11T09:44:47","guid":{"rendered":"https:\/\/thebestantique.com\/?page_id=17138"},"modified":"2025-12-11T12:29:26","modified_gmt":"2025-12-11T10:29:26","slug":"consumer-rights-and-returns","status":"publish","type":"page","link":"https:\/\/thebestantique.com\/et\/consumer-rights-and-returns\/","title":{"rendered":"Tarbijateave ja tagastamine"},"content":{"rendered":"<p><\/p>\n<h2 data-start=\"390\" data-end=\"454\">Soovitused tarbijale, taganemis\u00f5igus, tagastamine ja garantii<\/h2>\n<h3 data-start=\"456\" data-end=\"475\">1. \u00dcldine teave<\/h3>\n<p data-start=\"477\" data-end=\"745\">K\u00e4esolev leht sisaldab teavet TheBestAntique O\u00dc veebipoes tehtud ostude kohta, sh tarbija \u00f5igustest, taganemis\u00f5igusest, tagastamise korrast, pretensioonide esitamisest ja garantiitingimustest.<br data-start=\"669\" data-end=\"672\" \/>Tingimused p\u00f5hinevad Eesti ja Euroopa Liidu tarbijakaitse regulatsioonil.<\/p>\n<hr data-start=\"747\" data-end=\"750\" \/>\n<h3 data-start=\"752\" data-end=\"784\">2. Taganemis\u00f5igus (14 p\u00e4eva)<\/h3>\n<p data-start=\"786\" data-end=\"985\">Koosk\u00f5las EL direktiiviga 2011\/83\/EL ja V\u00f5la\u00f5igusseadusega (V\u00d5S \u00a7 56\u201357) on tarbijal \u00f5igus lepingust taganeda 14 p\u00e4eva jooksul alates kauba k\u00e4ttesaamisest, kui ei kohaldu seaduses s\u00e4testatud erandid.<\/p>\n<p data-start=\"987\" data-end=\"994\">T\u00e4htis:<\/p>\n<ul data-start=\"995\" data-end=\"1186\">\n<li data-start=\"995\" data-end=\"1104\">\n<p data-start=\"997\" data-end=\"1104\">14-p\u00e4evane t\u00e4htaeg algab p\u00e4evast, mil tarbija v\u00f5i tema nimetatud isik (v.a vedaja) on kauba k\u00e4tte saanud.<\/p>\n<\/li>\n<li data-start=\"1105\" data-end=\"1186\">\n<p data-start=\"1107\" data-end=\"1186\">Taganemisavalduse esitamiseks piisab kirjalikust teavitusest (e-post v\u00f5i vorm).<\/p>\n<\/li>\n<\/ul>\n<hr data-start=\"1188\" data-end=\"1191\" \/>\n<h3 data-start=\"1193\" data-end=\"1240\">3. Erandid taganemis\u00f5igusest (antiikesemed)<\/h3>\n<p data-start=\"1242\" data-end=\"1313\">V\u00d5S \u00a7 53 lg 4 kohaselt ei kohaldu taganemis\u00f5igus muu hulgas juhul, kui:<\/p>\n<ul data-start=\"1315\" data-end=\"1574\">\n<li data-start=\"1315\" data-end=\"1449\">\n<p data-start=\"1317\" data-end=\"1449\">kaup on valmistatud v\u00f5i muudetud vastavalt tarbija isiklikule tellimusele (nt eraldi kokkulepitud restaureerimine, erim\u00f5\u00f5dud jms);<\/p>\n<\/li>\n<li data-start=\"1450\" data-end=\"1574\">\n<p data-start=\"1452\" data-end=\"1574\">kaup on unikaalne v\u00f5i asendamatu, ning selle omadused v\u00f5ivad saatmisel v\u00f5i korduvate saadetiste puhul oluliselt halveneda.<\/p>\n<\/li>\n<\/ul>\n<p data-start=\"1576\" data-end=\"1743\">Paljud TheBestAntique O\u00dc poolt pakutavad esemed on <strong data-start=\"1627\" data-end=\"1654\">unikaalsed antiikesemed<\/strong> (\u00fcksikesemed), mille v\u00e4\u00e4rtus s\u00f5ltub nende seisukorrast, p\u00e4ritolust ja terviklikkusest.<\/p>\n<p data-start=\"1745\" data-end=\"1986\">Kui konkreetse kauba puhul kohaldatakse seaduslikku erandit (s.t taganemis\u00f5igus ei kohaldu), on see <strong data-start=\"1845\" data-end=\"1891\">selges\u00f5naliselt m\u00e4rgitud kauba kirjelduses<\/strong>.<br data-start=\"1892\" data-end=\"1895\" \/>Kui erandit ei ole kirjelduses v\u00e4lja toodud, kohaldub tavap\u00e4rane 14-p\u00e4evane taganemis\u00f5igus.<\/p>\n<hr data-start=\"1988\" data-end=\"1991\" \/>\n<h3 data-start=\"1993\" data-end=\"2030\">4. Taganemise ja tagastamise kord<\/h3>\n<p data-start=\"2032\" data-end=\"2084\">Kui tarbijal on \u00f5igus lepingust taganeda, tuleb tal:<\/p>\n<ol data-start=\"2086\" data-end=\"2391\">\n<li data-start=\"2086\" data-end=\"2175\">\n<p data-start=\"2089\" data-end=\"2175\">Saata TheBestAntique O\u00dc-le taganemisavaldus kirjalikult (e-postiga v\u00f5i vormi kaudu).<\/p>\n<\/li>\n<li data-start=\"2176\" data-end=\"2263\">\n<p data-start=\"2179\" data-end=\"2263\">Saata kaup tagasi hiljemalt 14 p\u00e4eva jooksul alates taganemisavalduse esitamisest.<\/p>\n<\/li>\n<li data-start=\"2264\" data-end=\"2391\">\n<p data-start=\"2267\" data-end=\"2391\">S\u00e4ilitada kaup kuni tagastamiseni sellises seisukorras, mis vastab tavap\u00e4rasele kauba omaduste ja toimimise kontrollimisele.<\/p>\n<\/li>\n<\/ol>\n<h4 data-start=\"2393\" data-end=\"2422\">Kes katab tagastuskulud?<\/h4>\n<ul data-start=\"2424\" data-end=\"2686\">\n<li data-start=\"2424\" data-end=\"2528\">\n<p data-start=\"2426\" data-end=\"2528\">Kui ei ole kokku lepitud teisiti, tasub kauba tagastamise otsesed kulud <strong data-start=\"2498\" data-end=\"2509\">tarbija<\/strong> (V\u00d5S \u00a7 56 lg 3).<\/p>\n<\/li>\n<li data-start=\"2529\" data-end=\"2686\">\n<p data-start=\"2531\" data-end=\"2686\">Kui kaup ei ole tavap\u00e4rase postiga tagastatav (nt eriti v\u00e4\u00e4rtuslik v\u00f5i mahukas ese), teavitame tarbijat enne ostu s\u00f5lmimist eeldatavatest tagastuskuludest.<\/p>\n<\/li>\n<\/ul>\n<h4 data-start=\"2688\" data-end=\"2720\">Taganemisavalduse esitamine<\/h4>\n<p data-start=\"2722\" data-end=\"2790\">Taganemisavaldus v\u00f5ib olla vabas vormis v\u00f5i tugineda vormin\u00e4idisele.<\/p>\n<ul data-start=\"2792\" data-end=\"2905\">\n<li data-start=\"2792\" data-end=\"2831\">\n<p data-start=\"2794\" data-end=\"2831\">E-post: <strong data-start=\"2802\" data-end=\"2829\"><a class=\"decorated-link cursor-pointer\" rel=\"noopener\" data-start=\"2804\" data-end=\"2827\">info@thebestantique.com<\/a><\/strong><\/p>\n<\/li>\n<li data-start=\"2832\" data-end=\"2905\">\n<p data-start=\"2834\" data-end=\"2905\">Vorm (kui lood eraldi lehe): <strong data-start=\"2863\" data-end=\"2905\"><a class=\"decorated-link cursor-pointer\" target=\"_new\" rel=\"noopener\" data-start=\"2865\" data-end=\"2903\">https:\/\/thebestantique.com\/return-form<\/a><\/strong><\/p>\n<\/li>\n<\/ul>\n<p data-start=\"2907\" data-end=\"2927\">Soovitav on m\u00e4rkida:<\/p>\n<ul data-start=\"2928\" data-end=\"3080\">\n<li data-start=\"2928\" data-end=\"2962\">\n<p data-start=\"2930\" data-end=\"2962\">tarbija nimi ja kontaktandmed;<\/p>\n<\/li>\n<li data-start=\"2963\" data-end=\"2984\">\n<p data-start=\"2965\" data-end=\"2984\">tellimuse number;<\/p>\n<\/li>\n<li data-start=\"2985\" data-end=\"3019\">\n<p data-start=\"2987\" data-end=\"3019\">kauba nimetus v\u00f5i loti number;<\/p>\n<\/li>\n<li data-start=\"3020\" data-end=\"3051\">\n<p data-start=\"3022\" data-end=\"3051\">kauba k\u00e4ttesaamise kuup\u00e4ev;<\/p>\n<\/li>\n<li data-start=\"3052\" data-end=\"3080\">\n<p data-start=\"3054\" data-end=\"3080\">taganemisavalduse kuup\u00e4ev.<\/p>\n<\/li>\n<\/ul>\n<hr data-start=\"3082\" data-end=\"3085\" \/>\n<h3 data-start=\"3087\" data-end=\"3116\">5. M\u00fc\u00fcgilepingu s\u00f5lmimine<\/h3>\n<p data-start=\"3118\" data-end=\"3189\">M\u00fc\u00fcgileping TheBestAntique O\u00dc ja tarbija vahel loetakse s\u00f5lmituks, kui:<\/p>\n<ol data-start=\"3191\" data-end=\"3291\">\n<li data-start=\"3191\" data-end=\"3236\">\n<p data-start=\"3194\" data-end=\"3236\">tarbija on veebipoes esitanud tellimuse;<\/p>\n<\/li>\n<li data-start=\"3237\" data-end=\"3291\">\n<p data-start=\"3240\" data-end=\"3291\">tarbija on saanud e-posti teel tellimuse kinnituse.<\/p>\n<\/li>\n<\/ol>\n<p data-start=\"3293\" data-end=\"3426\">Tellimusseade, hinnad, tarne ja muud tingimused on n\u00e4htavad enne tellimuse esitamist ning kinnitatakse tellimuse vormistamise k\u00e4igus.<\/p>\n<hr data-start=\"3428\" data-end=\"3431\" \/>\n<h3 data-start=\"3433\" data-end=\"3511\">6. Pretensioonid ja vastutus kauba lepingutingimustele mittevastavuse eest<\/h3>\n<p data-start=\"3513\" data-end=\"3623\">Koosk\u00f5las V\u00d5S \u00a7 218\u2013227 on tarbijal \u00f5igus esitada pretensioone kauba lepingutingimustele mittevastavuse t\u00f5ttu.<\/p>\n<p data-start=\"3625\" data-end=\"3640\">Arvestades, et:<\/p>\n<ul data-start=\"3642\" data-end=\"3822\">\n<li data-start=\"3642\" data-end=\"3731\">\n<p data-start=\"3644\" data-end=\"3731\">k\u00f5ik TheBestAntique O\u00dc poolt m\u00fc\u00fcdavad esemed on <strong data-start=\"3692\" data-end=\"3728\">antiikesemed ja kasutatud kaubad<\/strong>,<\/p>\n<\/li>\n<li data-start=\"3732\" data-end=\"3822\">\n<p data-start=\"3734\" data-end=\"3822\">kauba vanus, seisukord, v\u00f5imalikud defektid ja kulumisj\u00e4ljed on kirjeldatud toote infos,<\/p>\n<\/li>\n<\/ul>\n<p data-start=\"3824\" data-end=\"3979\">v\u00f5ib vastutuse perioodi V\u00d5S \u00a7 218 lg 3 alusel <strong data-start=\"3870\" data-end=\"3900\">l\u00fchendada kuni \u00fche aastani<\/strong>, tingimusel, et tarbijat on sellest enne lepingu s\u00f5lmimist selgelt teavitatud.<\/p>\n<p data-start=\"3981\" data-end=\"4007\">Pretensioone saab esitada:<\/p>\n<ul data-start=\"4009\" data-end=\"4125\">\n<li data-start=\"4009\" data-end=\"4054\">\n<p data-start=\"4011\" data-end=\"4054\">e-posti teel: <strong data-start=\"4025\" data-end=\"4052\"><a class=\"decorated-link cursor-pointer\" rel=\"noopener\" data-start=\"4027\" data-end=\"4050\">info@thebestantique.com<\/a><\/strong><\/p>\n<\/li>\n<li data-start=\"4055\" data-end=\"4125\">\n<p data-start=\"4057\" data-end=\"4125\">kirjeldades probleemi, lisades tellimuse numbri ja v\u00f5imalusel fotod.<\/p>\n<\/li>\n<\/ul>\n<p data-start=\"4127\" data-end=\"4237\">Pretensioonidele vastame m\u00f5istliku aja jooksul, kuid mitte hiljem kui 15 p\u00e4eva jooksul alates nende saamisest.<\/p>\n<hr data-start=\"4239\" data-end=\"4242\" \/>\n<h3 data-start=\"4244\" data-end=\"4259\">7. Garantii<\/h3>\n<p data-start=\"4261\" data-end=\"4327\">Antiikesemetele ei kohaldu tootjapoolne tavap\u00e4rane garantii, kuna:<\/p>\n<ul data-start=\"4329\" data-end=\"4472\">\n<li data-start=\"4329\" data-end=\"4397\">\n<p data-start=\"4331\" data-end=\"4397\">tegemist on ajalooliste, sageli kordumatute kasutatud esemetega;<\/p>\n<\/li>\n<li data-start=\"4398\" data-end=\"4472\">\n<p data-start=\"4400\" data-end=\"4472\">esemete loomulik kulumine ja vanus on hinna kujundamisel arvesse v\u00f5etud.<\/p>\n<\/li>\n<\/ul>\n<p data-start=\"4474\" data-end=\"4480\">Samas:<\/p>\n<blockquote data-start=\"4482\" data-end=\"4699\">\n<p data-start=\"4484\" data-end=\"4699\"><strong data-start=\"4484\" data-end=\"4699\">Tootjapoolset garantiid ei kohaldata, kuna tegemist on antiikesemetega ja kasutatud kaubaga. See ei piira tarbija seadusj\u00e4rgseid \u00f5igusi esitada pretensioone kauba lepingule mittevastavuse korral (V\u00d5S \u00a7 218\u2013227).<\/strong><\/p>\n<\/blockquote>\n<p data-start=\"4701\" data-end=\"4840\">Seega ei saa lehel kasutada \u00fcksnes lihtsat v\u00e4ljendit \u201etagastust ei toimu\u201c v\u00f5i \u201egarantiid ei ole\u201c, ilma seadusliku aluseta ja t\u00e4psustusteta.<\/p>\n<hr data-start=\"4842\" data-end=\"4845\" \/>\n<h3 data-start=\"4847\" data-end=\"4889\">8. P\u00f6\u00f6rdumised ja kaebuste lahendamine<\/h3>\n<p data-start=\"4891\" data-end=\"4987\">Kui tarbija ja TheBestAntique O\u00dc ei j\u00f5ua vaidluse osas kokkuleppele, on tarbijal \u00f5igus p\u00f6\u00f6rduda:<\/p>\n<ul data-start=\"4989\" data-end=\"5175\">\n<li data-start=\"4989\" data-end=\"5062\">\n<p data-start=\"4991\" data-end=\"5062\"><strong data-start=\"4991\" data-end=\"5039\">Tarbijakaitse ja Tehnilise J\u00e4relevalve Ameti<\/strong> poole (<a class=\"decorated-link\" href=\"http:\/\/www.ttja.ee\" target=\"_new\" rel=\"noopener\" data-start=\"5047\" data-end=\"5058\">www.ttja.ee<\/a>);<\/p>\n<\/li>\n<li data-start=\"5063\" data-end=\"5175\">\n<p data-start=\"5065\" data-end=\"5175\">Euroopa Liidu <strong data-start=\"5079\" data-end=\"5096\">ODR platvormi<\/strong> kaudu piiri\u00fcleste vaidluste lahendamiseks: <a class=\"decorated-link cursor-pointer\" target=\"_new\" rel=\"noopener\" data-start=\"5140\" data-end=\"5175\">https:\/\/ec.europa.eu\/consumers\/odr\/<\/a><\/p>\n<\/li>\n<\/ul>\n<hr data-start=\"5177\" data-end=\"5180\" \/>\n<h3 data-start=\"5182\" data-end=\"5202\">9. \u00d5iguslik alus<\/h3>\n<p data-start=\"5204\" data-end=\"5259\">K\u00e4esolev tarbijateave ja tingimused tuginevad eelk\u00f5ige:<\/p>\n<ul data-start=\"5261\" data-end=\"5381\">\n<li data-start=\"5261\" data-end=\"5294\">\n<p data-start=\"5263\" data-end=\"5294\"><strong data-start=\"5263\" data-end=\"5291\">V\u00f5la\u00f5igusseadusele (V\u00d5S)<\/strong>;<\/p>\n<\/li>\n<li data-start=\"5295\" data-end=\"5326\">\n<p data-start=\"5297\" data-end=\"5326\"><strong data-start=\"5297\" data-end=\"5323\">Tarbijakaitseseadusele<\/strong>;<\/p>\n<\/li>\n<li data-start=\"5327\" data-end=\"5381\">\n<p data-start=\"5329\" data-end=\"5381\"><strong data-start=\"5329\" data-end=\"5380\">EL direktiivile 2011\/83\/EL tarbija\u00f5iguste kohta<\/strong>.<\/p>\n<\/li>\n<\/ul>\n<p><\/p>","protected":false},"excerpt":{"rendered":"<p>Soovitused tarbijale, taganemis\u00f5igus, tagastamine ja garantii 1. \u00dcldine teave K\u00e4esolev leht sisaldab teavet TheBestAntique O\u00dc veebipoes tehtud ostude kohta, sh tarbija \u00f5igustest, taganemis\u00f5igusest, tagastamise korrast, pretensioonide esitamisest ja garantiitingimustest.Tingimused p\u00f5hinevad Eesti ja Euroopa Liidu tarbijakaitse regulatsioonil. 2. Taganemis\u00f5igus (14 p\u00e4eva) Koosk\u00f5las EL direktiiviga 2011\/83\/EL ja V\u00f5la\u00f5igusseadusega (V\u00d5S \u00a7 56\u201357) on tarbijal \u00f5igus lepingust taganeda 14 [&hellip;]<\/p>\n","protected":false},"author":1,"featured_media":0,"parent":0,"menu_order":0,"comment_status":"closed","ping_status":"closed","template":"","meta":{"_exactmetrics_skip_tracking":false,"_exactmetrics_sitenote_active":false,"_exactmetrics_sitenote_note":"","_exactmetrics_sitenote_category":0,"_uf_show_specific_survey":0,"_uf_disable_surveys":false,"footnotes":""},"class_list":["post-17138","page","type-page","status-publish","hentry"],"aioseo_notices":[],"_links":{"self":[{"href":"https:\/\/thebestantique.com\/et\/wp-json\/wp\/v2\/pages\/17138","targetHints":{"allow":["GET"]}}],"collection":[{"href":"https:\/\/thebestantique.com\/et\/wp-json\/wp\/v2\/pages"}],"about":[{"href":"https:\/\/thebestantique.com\/et\/wp-json\/wp\/v2\/types\/page"}],"author":[{"embeddable":true,"href":"https:\/\/thebestantique.com\/et\/wp-json\/wp\/v2\/users\/1"}],"replies":[{"embeddable":true,"href":"https:\/\/thebestantique.com\/et\/wp-json\/wp\/v2\/comments?post=17138"}],"version-history":[{"count":0,"href":"https:\/\/thebestantique.com\/et\/wp-json\/wp\/v2\/pages\/17138\/revisions"}],"wp:attachment":[{"href":"https:\/\/thebestantique.com\/et\/wp-json\/wp\/v2\/media?parent=17138"}],"curies":[{"name":"wp","href":"https:\/\/api.w.org\/{rel}","templated":true}]}}