{"id":15909,"date":"2024-04-02T14:41:44","date_gmt":"2024-04-02T12:41:44","guid":{"rendered":"https:\/\/thebestantique.com\/?page_id=15909"},"modified":"2024-04-03T10:20:06","modified_gmt":"2024-04-03T08:20:06","slug":"upcoming-fairs-and-events","status":"publish","type":"page","link":"https:\/\/thebestantique.com\/et\/upcoming-fairs-and-events\/","title":{"rendered":"Eelseisvad ja k\u00fclastatud messid ja \u00fcritused"},"content":{"rendered":"<p><\/p>\n<h3><strong>Siit leiate infot eelseisvate ja k\u00fclastatud antiigilaatade ja -\u00fcrituste kohta!<\/strong><\/h3>\n<hr \/>\n<p><strong>TheBestAntique osaleb antud messidel Aprillis 2024:<\/strong><\/p>\n<ul>\n<li><strong>06.04.2024 Stockholmi s\u00f5jamess<\/strong><\/li>\n<li><strong>07.04.2024 Turu relvamess<\/strong><\/li>\n<li><strong>28.04.2024 Ciney Military Fair Belgias<\/strong><\/li>\n<\/ul>\n<hr \/>\n<p><strong>ThebestAntique Stockholmi antiigimessil 2024. aasta m\u00e4rtsis.<\/strong><\/p>\n<p><img loading=\"lazy\" decoding=\"async\" class=\"size-medium wp-image-15910\" src=\"https:\/\/thebestantique.com\/wp-content\/uploads\/2024\/04\/stockholm-messen-300x225.jpg\" alt=\"ThebestAntique at Stockholm Antique Fair in March 2024.\" width=\"300\" height=\"225\" srcset=\"https:\/\/thebestantique.com\/wp-content\/uploads\/2024\/04\/stockholm-messen-300x225.jpg 300w, https:\/\/thebestantique.com\/wp-content\/uploads\/2024\/04\/stockholm-messen-1024x768.jpg 1024w, https:\/\/thebestantique.com\/wp-content\/uploads\/2024\/04\/stockholm-messen-768x576.jpg 768w, https:\/\/thebestantique.com\/wp-content\/uploads\/2024\/04\/stockholm-messen-416x312.jpg 416w, https:\/\/thebestantique.com\/wp-content\/uploads\/2024\/04\/stockholm-messen.jpg 1280w\" sizes=\"auto, (max-width: 300px) 100vw, 300px\" \/><\/p>","protected":false},"excerpt":{"rendered":"<p>Siit leiate infot eelseisvate ja k\u00fclastatud antiigilaatade ja -\u00fcrituste kohta! TheBestAntique osaleb antud messidel Aprillis 2024: 06.04.2024 Stockholmi s\u00f5jamess 07.04.2024 Turu relvamess 28.04.2024 Ciney Military Fair Belgias ThebestAntique Stockholmi antiigimessil 2024. aasta m\u00e4rtsis.<\/p>\n","protected":false},"author":1,"featured_media":0,"parent":0,"menu_order":0,"comment_status":"closed","ping_status":"closed","template":"","meta":{"_exactmetrics_skip_tracking":false,"_exactmetrics_sitenote_active":false,"_exactmetrics_sitenote_note":"","_exactmetrics_sitenote_category":0,"_uf_show_specific_survey":0,"_uf_disable_surveys":false,"footnotes":""},"class_list":["post-15909","page","type-page","status-publish","hentry"],"aioseo_notices":[],"_links":{"self":[{"href":"https:\/\/thebestantique.com\/et\/wp-json\/wp\/v2\/pages\/15909","targetHints":{"allow":["GET"]}}],"collection":[{"href":"https:\/\/thebestantique.com\/et\/wp-json\/wp\/v2\/pages"}],"about":[{"href":"https:\/\/thebestantique.com\/et\/wp-json\/wp\/v2\/types\/page"}],"author":[{"embeddable":true,"href":"https:\/\/thebestantique.com\/et\/wp-json\/wp\/v2\/users\/1"}],"replies":[{"embeddable":true,"href":"https:\/\/thebestantique.com\/et\/wp-json\/wp\/v2\/comments?post=15909"}],"version-history":[{"count":0,"href":"https:\/\/thebestantique.com\/et\/wp-json\/wp\/v2\/pages\/15909\/revisions"}],"wp:attachment":[{"href":"https:\/\/thebestantique.com\/et\/wp-json\/wp\/v2\/media?parent=15909"}],"curies":[{"name":"wp","href":"https:\/\/api.w.org\/{rel}","templated":true}]}}