{"id":13455,"date":"2020-12-16T10:26:17","date_gmt":"2020-12-16T08:26:17","guid":{"rendered":"https:\/\/thebestantique.com\/?page_id=13455"},"modified":"2025-12-01T15:58:58","modified_gmt":"2025-12-01T13:58:58","slug":"purchase-terms","status":"publish","type":"page","link":"https:\/\/thebestantique.com\/et\/purchase-terms\/","title":{"rendered":"Ostu tingimused"},"content":{"rendered":"<p><\/p>\n<p data-start=\"2416\" data-end=\"2732\">Enamik m\u00fc\u00fcgiks pakutavaid esemeid on m\u00e4rkimisv\u00e4\u00e4rselt vanad ning v\u00f5ivad kanda kulumis-, kasutus-, restaureerimis- v\u00f5i kahjustusj\u00e4lgi. Seet\u00f5ttu m\u00fc\u00fcakse k\u00f5ik esemed <strong data-start=\"2579\" data-end=\"2600\">\u201cNAGU ON\u201d (AS IS)<\/strong> ning ei <strong data-start=\"2609\" data-end=\"2630\">TheBestAntique OU<\/strong> ega Komitent anna garantiid eseme omandi\u00f5iguse, turustatavuse, otstarbekohasuse ega seisukorra kohta.<\/p>\n<p data-start=\"2734\" data-end=\"3161\">K\u00f5ik kataloogis, arvel, m\u00fc\u00fcgilepingus v\u00f5i muudes materjalides esitatud v\u00e4ited autorluse, dateeringu, p\u00e4ritolu, m\u00f5\u00f5tmete, kvaliteedi, harulduse, provenance\u2019i, eksponeerimisajaloo, kirjanduslike viidete v\u00f5i f\u00fc\u00fcsilise seisukorra kohta on hinnangulised arvamused ega kujuta endast kinnitusi ega garantiisid. <strong data-start=\"3038\" data-end=\"3059\">TheBestAntique OU<\/strong> ja Komitent ei vastuta kataloogis v\u00f5i lisamaterjalides esineda v\u00f5ivate vigade v\u00f5i v\u00e4ljaj\u00e4tmiste eest.<\/p>\n<p data-start=\"3163\" data-end=\"3370\">Vaieldes eseme ehtsuse v\u00f5i seisukorra \u00fcle ei saa <strong data-start=\"3212\" data-end=\"3233\">TheBestAntique OU<\/strong> vastutust kohaldada, kuna ettev\u00f5te tegutseb vahendajana ja t\u00e4idab vahenduslikku (obligation of means) kohustust, mitte tulemuskohustust.<\/p>\n<p data-start=\"3372\" data-end=\"3761\">Seisukorra osas palume arvestada, et seisukorra puudutava viite puudumine kirjelduses ei t\u00e4henda defektide puudumist. Teatud restaureerimist\u00f6\u00f6d, mis on koosk\u00f5las eseme iseloomu ja perioodiga, ei ole vaidluste aluseks. Kui kirjelduses ei ole m\u00e4rgitud teisiti, loetakse ese m\u00fc\u00fcdud seisukorras, milles see m\u00fc\u00fcgihetkel oli. Igal potentsiaalsel ostjal on v\u00f5imalus esemeid enne ostu \u00fcle vaadata.<\/p>\n<p data-start=\"3763\" data-end=\"3803\"><strong data-start=\"3763\" data-end=\"3803\">Antikvariaat ei kuulu tagastamisele.<\/strong><\/p>\n<div><\/div>\n<p><\/p>","protected":false},"excerpt":{"rendered":"<p>Enamik m\u00fc\u00fcgiks pakutavaid esemeid on m\u00e4rkimisv\u00e4\u00e4rselt vanad ning v\u00f5ivad kanda kulumis-, kasutus-, restaureerimis- v\u00f5i kahjustusj\u00e4lgi. Seet\u00f5ttu m\u00fc\u00fcakse k\u00f5ik esemed \u201cNAGU ON\u201d (AS IS) ning ei TheBestAntique OU ega Komitent anna garantiid eseme omandi\u00f5iguse, turustatavuse, otstarbekohasuse ega seisukorra kohta. K\u00f5ik kataloogis, arvel, m\u00fc\u00fcgilepingus v\u00f5i muudes materjalides esitatud v\u00e4ited autorluse, dateeringu, p\u00e4ritolu, m\u00f5\u00f5tmete, kvaliteedi, harulduse, provenance\u2019i, eksponeerimisajaloo, [&hellip;]<\/p>\n","protected":false},"author":1,"featured_media":0,"parent":0,"menu_order":0,"comment_status":"closed","ping_status":"closed","template":"","meta":{"_exactmetrics_skip_tracking":false,"_exactmetrics_sitenote_active":false,"_exactmetrics_sitenote_note":"","_exactmetrics_sitenote_category":0,"_uf_show_specific_survey":0,"_uf_disable_surveys":false,"footnotes":""},"class_list":["post-13455","page","type-page","status-publish","hentry"],"aioseo_notices":[],"_links":{"self":[{"href":"https:\/\/thebestantique.com\/et\/wp-json\/wp\/v2\/pages\/13455","targetHints":{"allow":["GET"]}}],"collection":[{"href":"https:\/\/thebestantique.com\/et\/wp-json\/wp\/v2\/pages"}],"about":[{"href":"https:\/\/thebestantique.com\/et\/wp-json\/wp\/v2\/types\/page"}],"author":[{"embeddable":true,"href":"https:\/\/thebestantique.com\/et\/wp-json\/wp\/v2\/users\/1"}],"replies":[{"embeddable":true,"href":"https:\/\/thebestantique.com\/et\/wp-json\/wp\/v2\/comments?post=13455"}],"version-history":[{"count":0,"href":"https:\/\/thebestantique.com\/et\/wp-json\/wp\/v2\/pages\/13455\/revisions"}],"wp:attachment":[{"href":"https:\/\/thebestantique.com\/et\/wp-json\/wp\/v2\/media?parent=13455"}],"curies":[{"name":"wp","href":"https:\/\/api.w.org\/{rel}","templated":true}]}}